{"id":27822,"date":"2019-04-12T14:28:46","date_gmt":"2019-04-13T00:28:46","guid":{"rendered":"https:\/\/aitoexpress.com\/?page_id=27822"},"modified":"2025-01-31T10:04:12","modified_gmt":"2025-01-31T20:04:12","slug":"livraison-retrait","status":"publish","type":"page","link":"https:\/\/aitoexpress.com\/?page_id=27822","title":{"rendered":"Livraison et Retrait en magasin"},"content":{"rendered":"<div class=\"wpb-content-wrapper\"><p>[vc_row][vc_column][vc_empty_space][\/vc_column][\/vc_row][vc_row][vc_column][vc_column_text]<\/p>\n<p style=\"text-align: left;\"><strong><u>LIVRAISONS<\/u><\/strong><\/p>\n<p>&nbsp;<\/p>\n<p style=\"text-align: left;\"><strong>Tous les articles propos\u00e9s sur aitoexpress.com sont affich\u00e9s au m\u00eame prix que dans nos boutiques \u00e0 Papeete.<\/strong><\/p>\n<p style=\"text-align: left;\"><strong>AITO EXPRESS livre dans toutes les \u00eeles de notre fenua desservies par Air Tahiti. <\/strong>Si votre \u00eele n\u2019est pas desservie par Air Tahiti, veuillez nous contacter pour obtenir un devis pour exp\u00e9dition par voie maritime.<\/p>\n<p style=\"text-align: left;\">Toute commande est honor\u00e9e d\u00e8s qu\u2019elle est acquitt\u00e9e.<\/p>\n<p style=\"text-align: left;\">Ainsi, toute commande pay\u00e9e via l\u2019Oc\u00e9anienne de Services Bancaires (OSB) est pr\u00e9par\u00e9e pour exp\u00e9dition d\u00e8s que vous validez votre paiement sur la plateforme OSB.<\/p>\n<p style=\"text-align: left;\">Toute commande pay\u00e9e par virement bancaire ou versement d\u2019esp\u00e8ces dans notre compte sera valid\u00e9e et exp\u00e9di\u00e9e apr\u00e8s confirmation de la r\u00e9ception des fonds par notre\u00a0\u00e9tablissement bancaire (CCP, Socredo ou Banque de Tahiti).<\/p>\n<p>&nbsp;<\/p>\n<p style=\"text-align: left;\"><strong><u>Si vous \u00eates dans les \u00eeles<\/u><\/strong>, votre facture finale comprendra\u00a0:<\/p>\n<p style=\"text-align: left;\">&#8211; Le prix des articles au tarif TTC Papeete<\/p>\n<p style=\"text-align: left;\">&#8211; Les frais de livraison de notre coursier au bureau de fret d\u2019Air Tahiti<\/p>\n<p style=\"text-align: left;\">\u00a0-Le tarif fret d\u2019Air Tahiti.<\/p>\n<p style=\"text-align: left;\">Nous nous effor\u00e7ons de pr\u00e9parer votre commande le jour m\u00eame pour livrer vos colis au plus vite\u00a0; Cependant, le d\u00e9lai de livraison final sera fonction du d\u00e9lai d\u2019acheminement d\u2019Air Tahiti.<\/p>\n<p style=\"text-align: left;\">D\u00e8s que votre colis est remis au fret Air Tahiti, nous vous contactons par t\u00e9l\u00e9phone, email ou fax pour vous communiquer la r\u00e9f\u00e9rence de la Lettre de Transport A\u00e9rien (LTA) \u00e9mise par Air Tahiti ainsi que la date et le no. de vol pr\u00e9vus.<\/p>\n<p>[\/vc_column_text][\/vc_column][\/vc_row][vc_row][vc_column][vc_empty_space][\/vc_column][\/vc_row][vc_row][vc_column][vc_column_text]<\/p>\n<p style=\"text-align: left;\"><strong><u>GRILLE DE TARIF DES FRAIS DE LIVRAISON POUR LES \u00ceLES<\/u>\u00a0:<\/strong><\/p>\n<p>[\/vc_column_text][\/vc_column][\/vc_row][vc_row][vc_column][vc_empty_space][\/vc_column][\/vc_row][vc_row][vc_column][vc_column_text]<\/p>\n<table class=\"center\" border=\"1\">\n<tbody>\n<tr>\n<td colspan=\"4\" width=\"550\">\n<p style=\"text-align: center; color: red;\"><strong>TARIF DES LIVRAISONS DANS LES ILES =<\/strong><\/p>\n<p style=\"text-align: center;\"><strong>1000F<\/strong> POUR FRAIS DE COURSIER JUSQU&rsquo;AU FRET AIR TAHITI<\/p>\n<p style=\"text-align: center;\">+<\/p>\n<p style=\"text-align: center;\">MONTANT DU FRET AIR TAHITI<\/p>\n<\/td>\n<\/tr>\n<\/tbody>\n<\/table>\n<p>[\/vc_column_text][vc_empty_space][vc_column_text css=\u00a0\u00bb\u00a0\u00bb]<\/p>\n<table class=\"center\" border=\"1\">\n<tbody>\n<tr>\n<td colspan=\"4\" width=\"550\"><strong>GRILLES DES TARIFS DU FRET AIR TAHITI<\/strong><\/td>\n<\/tr>\n<tr>\n<td width=\"150\"><strong>ZONE DE LIVRAISON<\/strong><\/td>\n<td width=\"135\"><strong>TARIF MINIMUM (+Frais annexes : 800F)<\/strong><\/td>\n<td width=\"154\"><strong>POIDS 1-39KG<\/strong><\/td>\n<td width=\"154\"><strong>POIDS +40KG<\/strong><\/td>\n<\/tr>\n<tr>\n<td width=\"150\"><strong>ILES SOUS LE VENT<\/strong> (Huahine, Raiatea, Bora-Bora, Maupiti)<\/td>\n<td width=\"135\"><strong>2120F<\/strong><\/td>\n<td width=\"154\"><strong>220F\/KG<\/strong><\/td>\n<td width=\"154\"><strong>210F\/KG<\/strong><\/td>\n<\/tr>\n<tr>\n<td width=\"150\"><strong>AUSTRALES<\/strong> (Tubuai, Rimatara, Rurutu, Raivavae)<\/td>\n<td width=\"135\"><strong>2760F<\/strong><\/td>\n<td width=\"154\"><strong>490F\/KG<\/strong><\/td>\n<td width=\"154\"><strong>430F\/KG<\/strong><\/td>\n<\/tr>\n<tr>\n<td width=\"150\"><strong>TUAMOTU EST<\/strong> (Anaa, Faaite, Gambier, Hao, Hikueru, Makemo, Raroia, Tureia, Fakahina, Fangatau, Napuka, Nukutavake, Puka-Puka, Takume, Tureia)<\/td>\n<td width=\"135\"><strong>2600F<\/strong><\/td>\n<td width=\"154\"><strong>450F\/KG<\/strong><\/td>\n<td width=\"154\"><strong>410F\/KG<\/strong><\/td>\n<\/tr>\n<tr>\n<td width=\"150\"><strong>TUAMOTU NORD<\/strong> (Apataki, Arutua, Rangiroa, Mataiva, Fakarava, Niau, Katiu, Kaukura, Takapoto, Takaroa, Tikehau, Ahe, Aratika, Kauehi, Manihi)<\/td>\n<td width=\"135\"><strong>1920F<\/strong><\/td>\n<td width=\"154\"><strong>280F\/KG<\/strong><\/td>\n<td width=\"154\"><strong>260F\/KG<\/strong><\/td>\n<\/tr>\n<tr>\n<td width=\"150\"><strong>MARQUISES<\/strong> (Nuku-Hiva, Atuona, Ua Pou, Ua Huka)<\/td>\n<td width=\"135\"><strong>2880F<\/strong><\/td>\n<td width=\"154\"><strong>520F\/KG<\/strong><\/td>\n<td width=\"154\"><strong>470F\/KG<\/strong><\/td>\n<\/tr>\n<\/tbody>\n<\/table>\n<p>[\/vc_column_text][\/vc_column][\/vc_row][vc_row][vc_column][vc_empty_space][\/vc_column][\/vc_row][vc_row][vc_column][vc_column_text css=\u00a0\u00bb\u00a0\u00bb]<\/p>\n<p style=\"text-align: left;\"><strong><u>Si vous \u00eates \u00e0 Tahiti et Moorea<\/u><\/strong>, votre facture finale comprendra\u00a0:<\/p>\n<p style=\"text-align: left;\">&#8211; Le prix des articles au tarif TTC Papeete<\/p>\n<p style=\"text-align: left;\">&#8211; Les frais de livraison de notre coursier \u00e0 l\u2019adresse que vous nous aurez indiqu\u00e9<\/p>\n<p style=\"text-align: left;\"><strong><u>GRILLE DE TARIF DES FRAIS DE LIVRAISON POUR TAHITI:<\/u><\/strong><\/p>\n<p>[\/vc_column_text][\/vc_column][\/vc_row][vc_row][vc_column][vc_empty_space][\/vc_column][\/vc_row][vc_row][vc_column][vc_column_text css=\u00a0\u00bb\u00a0\u00bb]<\/p>\n<table class=\"center\" border=\"1\">\n<tbody>\n<tr>\n<td colspan=\"2\" width=\"604\"><strong>LIVRAISON SUR TAHITI<\/strong><\/td>\n<\/tr>\n<tr>\n<td width=\"302\"><strong>ZONE DE LIVRAISON<\/strong><\/td>\n<td width=\"302\"><strong>TARIF<\/strong><\/td>\n<\/tr>\n<tr>\n<td width=\"302\"><strong>ZONE URBAINE <\/strong>(Mahina \u00e0 Faaa)<\/td>\n<td width=\"302\"><strong>2500F<br \/>\n<\/strong><\/td>\n<\/tr>\n<\/tbody>\n<\/table>\n<p>&nbsp;<\/p>\n<p>Les livraisons se font du lundi au vendredi.<br \/>\nCommande valid\u00e9e = Livraison au plus t\u00f4t \u00e0 <strong>J+1. (PAS DE LIVRAISON LE WEEK-END)<\/strong>[\/vc_column_text][\/vc_column][\/vc_row][vc_row][vc_column][vc_empty_space][\/vc_column][\/vc_row][vc_row][vc_column][vc_column_text]<\/p>\n<p style=\"text-align: center;\"><strong><u>RETRAIT EN MAGASIN<\/u><\/strong><\/p>\n<p>[\/vc_column_text][\/vc_column][\/vc_row][vc_row][vc_column][vc_empty_space][\/vc_column][\/vc_row][vc_row][vc_column width=\u00a0\u00bb1\/2&Prime;][vc_column_text css=\u00a0\u00bb\u00a0\u00bb]<!-- \/wp:heading --><\/p>\n<p>Lors de votre commande vous pouvez s\u00e9lectionner l\u2019option \u00ab Retrait en magasin \u00bb pour r\u00e9cup\u00e9rer votre marchandise directement dans notre boutiques AITO SPORT, 16 Rue Mgr Tepano Jaussen. Dans ce cas vous ne serez factur\u00e9 que du prix des articles command\u00e9s au tarif TTC Papeete.<\/p>\n<p>Lorsque votre commande est pr\u00eate, nous vous enverrons un e-mail. Vous pourrez alors r\u00e9cup\u00e9rer votre commande.[\/vc_column_text][\/vc_column][vc_column width=\u00a0\u00bb1\/2&Prime;][vc_column_text]<strong><u>Si vous souhaitez qu\u2019une tierce personne r\u00e9cup\u00e8re votre colis \u00e0 votre place. <\/u><\/strong><\/p>\n<p>Il faudra tout d\u2019abord nous en informer \u00e0 l\u2019adresse e-mail suivante: tahiti.aitoexpress@gmail.com<\/p>\n<p>Pour retirer une commande en boutique \u00e0 votre place, la personne concern\u00e9e devra se munir d\u2019une pi\u00e8ce d\u2019identit\u00e9 ainsi que de notre confirmation de commande.<\/p>\n<p>Toute commande dont le retrait et le paiement doit \u00eatre effectu\u00e9 en boutique sera annul\u00e9e et remise en vente au-del\u00e0 d&rsquo;un d\u00e9lai de 48h apr\u00e8s validation de la commande.[\/vc_column_text][\/vc_column][\/vc_row][vc_row][vc_column][vc_raw_html]JTNDJTIxLS0lMjBNZXNzZW5nZXIlMjBQbHVnaW4lMjBkZSUyMGRpc2N1c3Npb24lMjBDb2RlJTIwLS0lM0UlMEElMjAlMjAlMjAlMjAlM0NkaXYlMjBpZCUzRCUyMmZiLXJvb3QlMjIlM0UlM0MlMkZkaXYlM0UlMEElMEElMjAlMjAlMjAlMjAlM0MlMjEtLSUyMFlvdXIlMjBQbHVnaW4lMjBkZSUyMGRpc2N1c3Npb24lMjBjb2RlJTIwLS0lM0UlMEElMjAlMjAlMjAlMjAlM0NkaXYlMjBpZCUzRCUyMmZiLWN1c3RvbWVyLWNoYXQlMjIlMjBjbGFzcyUzRCUyMmZiLWN1c3RvbWVyY2hhdCUyMiUzRSUwQSUyMCUyMCUyMCUyMCUzQyUyRmRpdiUzRSUwQSUwQSUyMCUyMCUyMCUyMCUzQ3NjcmlwdCUzRSUwQSUyMCUyMCUyMCUyMCUyMCUyMHZhciUyMGNoYXRib3glMjAlM0QlMjBkb2N1bWVudC5nZXRFbGVtZW50QnlJZCUyOCUyN2ZiLWN1c3RvbWVyLWNoYXQlMjclMjklM0IlMEElMjAlMjAlMjAlMjAlMjAlMjBjaGF0Ym94LnNldEF0dHJpYnV0ZSUyOCUyMnBhZ2VfaWQlMjIlMkMlMjAlMjIzMzU4NzgyMDk3NjMzNDIlMjIlMjklM0IlMEElMjAlMjAlMjAlMjAlMjAlMjBjaGF0Ym94LnNldEF0dHJpYnV0ZSUyOCUyMmF0dHJpYnV0aW9uJTIyJTJDJTIwJTIyYml6X2luYm94JTIyJTI5JTNCJTBBJTBBJTIwJTIwJTIwJTIwJTIwJTIwd2luZG93LmZiQXN5bmNJbml0JTIwJTNEJTIwZnVuY3Rpb24lMjglMjklMjAlN0IlMEElMjAlMjAlMjAlMjAlMjAlMjAlMjAlMjBGQi5pbml0JTI4JTdCJTBBJTIwJTIwJTIwJTIwJTIwJTIwJTIwJTIwJTIwJTIweGZibWwlMjAlMjAlMjAlMjAlMjAlMjAlMjAlMjAlMjAlMjAlMjAlMjAlM0ElMjB0cnVlJTJDJTBBJTIwJTIwJTIwJTIwJTIwJTIwJTIwJTIwJTIwJTIwdmVyc2lvbiUyMCUyMCUyMCUyMCUyMCUyMCUyMCUyMCUyMCUyMCUzQSUyMCUyN3YxMi4wJTI3JTBBJTIwJTIwJTIwJTIwJTIwJTIwJTIwJTIwJTdEJTI5JTNCJTBBJTIwJTIwJTIwJTIwJTIwJTIwJTdEJTNCJTBBJTBBJTIwJTIwJTIwJTIwJTIwJTIwJTI4ZnVuY3Rpb24lMjhkJTJDJTIwcyUyQyUyMGlkJTI5JTIwJTdCJTBBJTIwJTIwJTIwJTIwJTIwJTIwJTIwJTIwdmFyJTIwanMlMkMlMjBmanMlMjAlM0QlMjBkLmdldEVsZW1lbnRzQnlUYWdOYW1lJTI4cyUyOSU1QjAlNUQlM0IlMEElMjAlMjAlMjAlMjAlMjAlMjAlMjAlMjBpZiUyMCUyOGQuZ2V0RWxlbWVudEJ5SWQlMjhpZCUyOSUyOSUyMHJldHVybiUzQiUwQSUyMCUyMCUyMCUyMCUyMCUyMCUyMCUyMGpzJTIwJTNEJTIwZC5jcmVhdGVFbGVtZW50JTI4cyUyOSUzQiUyMGpzLmlkJTIwJTNEJTIwaWQlM0IlMEElMjAlMjAlMjAlMjAlMjAlMjAlMjAlMjBqcy5zcmMlMjAlM0QlMjAlMjdodHRwcyUzQSUyRiUyRmNvbm5lY3QuZmFjZWJvb2submV0JTJGZnJfRlIlMkZzZGslMkZ4ZmJtbC5jdXN0b21lcmNoYXQuanMlMjclM0IlMEElMjAlMjAlMjAlMjAlMjAlMjAlMjAlMjBmanMucGFyZW50Tm9kZS5pbnNlcnRCZWZvcmUlMjhqcyUyQyUyMGZqcyUyOSUzQiUwQSUyMCUyMCUyMCUyMCUyMCUyMCU3RCUyOGRvY3VtZW50JTJDJTIwJTI3c2NyaXB0JTI3JTJDJTIwJTI3ZmFjZWJvb2stanNzZGslMjclMjklMjklM0IlMEElMjAlMjAlMjAlMjAlM0MlMkZzY3JpcHQlM0U=[\/vc_raw_html][\/vc_column][\/vc_row]<\/p>\n<\/div>","protected":false},"excerpt":{"rendered":"<p>[vc_row][vc_column][vc_empty_space][\/vc_column][\/vc_row][vc_row][vc_column][vc_column_text] LIVRAISONS &nbsp; Tous les articles propos\u00e9s sur aitoexpress.com sont affich\u00e9s au m\u00eame prix que dans nos boutiques \u00e0 Papeete. AITO EXPRESS livre dans toutes les \u00eeles de notre fenua desservies par Air Tahiti. Si votre \u00eele n\u2019est pas desservie &hellip; <a href=\"https:\/\/aitoexpress.com\/?page_id=27822\">Lire la suite<\/a><\/p>\n","protected":false},"author":2,"featured_media":0,"parent":0,"menu_order":0,"comment_status":"closed","ping_status":"closed","template":"","meta":{"footnotes":""},"class_list":["post-27822","page","type-page","status-publish","hentry"],"_links":{"self":[{"href":"https:\/\/aitoexpress.com\/index.php?rest_route=\/wp\/v2\/pages\/27822"}],"collection":[{"href":"https:\/\/aitoexpress.com\/index.php?rest_route=\/wp\/v2\/pages"}],"about":[{"href":"https:\/\/aitoexpress.com\/index.php?rest_route=\/wp\/v2\/types\/page"}],"author":[{"embeddable":true,"href":"https:\/\/aitoexpress.com\/index.php?rest_route=\/wp\/v2\/users\/2"}],"replies":[{"embeddable":true,"href":"https:\/\/aitoexpress.com\/index.php?rest_route=%2Fwp%2Fv2%2Fcomments&post=27822"}],"version-history":[{"count":0,"href":"https:\/\/aitoexpress.com\/index.php?rest_route=\/wp\/v2\/pages\/27822\/revisions"}],"wp:attachment":[{"href":"https:\/\/aitoexpress.com\/index.php?rest_route=%2Fwp%2Fv2%2Fmedia&parent=27822"}],"curies":[{"name":"wp","href":"https:\/\/api.w.org\/{rel}","templated":true}]}}